{"id":257,"date":"2023-07-14T08:43:54","date_gmt":"2023-07-14T08:43:54","guid":{"rendered":"https:\/\/mobo.md\/?page_id=257"},"modified":"2026-03-20T08:54:01","modified_gmt":"2026-03-20T08:54:01","slug":"pagina-solicita-oferta","status":"publish","type":"page","link":"https:\/\/mobobucatarii.md\/ru\/pagina-solicita-oferta\/","title":{"rendered":"Pagina solicita oferta"},"content":{"rendered":"<div class=\"wpb-content-wrapper\"><div class=\"vc_row wpb_row vc_row-fluid vc_custom_1708540982420 vc_row-has-fill wd-rs-65d644054d2be\"><div class=\"wpb_column vc_column_container vc_col-sm-12 wd-enabled-flex wd-rs-69bd0af81acbf\"><div class=\"vc_column-inner\"><div class=\"wpb_wrapper\"><div class=\"vc_row wpb_row vc_inner vc_row-fluid main_form_wrap vc_row-o-content-middle vc_row-flex wd-rs-65d6507d32fec\"><div class=\"wpb_column vc_column_container vc_col-sm-6\"><div class=\"vc_column-inner\"><div class=\"wpb_wrapper\">\n\t<div class=\"wpb_text_column wpb_content_element custom_form_title color-scheme-light\" >\n\t\t<div class=\"wpb_wrapper\">\n\t\t\t<p style=\"text-align: center;\">\u0417\u0430\u043a\u0430\u0436\u0438 \u043c\u0435\u0431\u0435\u043b\u044c \u0434\u043b\u044f \u043a\u0443\u0445\u043d\u0438<br \/>\n\u0219i prime\u0219te Cadou un Cuptor Electric<\/p>\n\n\t\t<\/div>\n\t<\/div>\n<\/div><\/div><\/div><div class=\"wpb_column main_form_box vc_column_container vc_col-sm-6 wd-rs-65d6511c555f0\"><div class=\"vc_column-inner\"><div class=\"wpb_wrapper\">\n\t<div class=\"wpb_text_column wpb_content_element vc_custom_1709023555847 color-scheme-light\" >\n\t\t<div class=\"wpb_wrapper\">\n\t\t\t<h3 style=\"text-align: center;\"><strong>\u0417\u0430\u043f\u043e\u043b\u043d\u0438\u0442\u0435 \u0424\u043e\u0440\u043c\u0443\u043b\u044f\u0440<\/strong><\/h3>\n<p style=\"text-align: center;\">Bonus: Prime\u0219te Ghid de utilizare a mobilierului tau.<\/p>\n\n\t\t<\/div>\n\t<\/div>\n\n\t<div class=\"wpb_text_column wpb_content_element\" >\n\t\t<div class=\"wpb_wrapper\">\n\t\t\t\n<div class=\"wpcf7 no-js\" id=\"wpcf7-f683-o1\" lang=\"ro-RO\" dir=\"ltr\" data-wpcf7-id=\"683\">\n<div class=\"screen-reader-response\"><p role=\"status\" aria-live=\"polite\" aria-atomic=\"true\"><\/p> <ul><\/ul><\/div>\n<form action=\"\/ru\/wp-json\/wp\/v2\/pages\/257#wpcf7-f683-o1\" method=\"post\" class=\"wpcf7-form init\" aria-label=\"Formular de contact\" novalidate=\"novalidate\" data-status=\"init\" data-trp-original-action=\"\/ru\/wp-json\/wp\/v2\/pages\/257#wpcf7-f683-o1\">\n<fieldset class=\"hidden-fields-container\"><input type=\"hidden\" name=\"_wpcf7\" value=\"683\" \/><input type=\"hidden\" name=\"_wpcf7_version\" value=\"6.1.5\" \/><input type=\"hidden\" name=\"_wpcf7_locale\" value=\"ro_RO\" \/><input type=\"hidden\" name=\"_wpcf7_unit_tag\" value=\"wpcf7-f683-o1\" \/><input type=\"hidden\" name=\"_wpcf7_container_post\" value=\"0\" \/><input type=\"hidden\" name=\"_wpcf7_posted_data_hash\" value=\"\" \/>\n<\/fieldset>\n<p><span class=\"wpcf7-form-control-wrap\" data-name=\"name-form\"><input size=\"40\" maxlength=\"400\" class=\"wpcf7-form-control wpcf7-text wpcf7-validates-as-required\" aria-required=\"true\" aria-invalid=\"false\" placeholder=\"\u0418\u043c\u044f \u0424\u0430\u043c\u0438\u043b\u0438\u044f\" value=\"\" type=\"text\" name=\"name-form\" \/><\/span><br \/>\n<span class=\"wpcf7-form-control-wrap\" data-name=\"phone-form\"><input size=\"40\" maxlength=\"400\" class=\"wpcf7-form-control wpcf7-tel wpcf7-validates-as-required wpcf7-text wpcf7-validates-as-tel phone-mask\" aria-required=\"true\" aria-invalid=\"false\" placeholder=\"\u041d\u043e\u043c\u0435\u0440 \u0442\u0435\u043b\u0435\u0444\u043e\u043d\u0430\" value=\"\" type=\"tel\" name=\"phone-form\" \/><\/span><br \/>\n<span class=\"wpcf7-form-control-wrap\" data-name=\"city-form\"><input size=\"40\" maxlength=\"400\" class=\"wpcf7-form-control wpcf7-text wpcf7-validates-as-required\" aria-required=\"true\" aria-invalid=\"false\" placeholder=\"\u0413\u043e\u0440\u043e\u0434\" value=\"\" type=\"text\" name=\"city-form\" \/><\/span><br \/>\n<input class=\"wpcf7-form-control wpcf7-submit has-spinner\" type=\"submit\" value=\"\u041e\u0442\u043f\u0440\u0430\u0432\u0438\u0442\u044c\" \/>\n<\/p><div class=\"wpcf7-response-output\" aria-hidden=\"true\"><\/div>\n<input type=\"hidden\" name=\"trp-form-language\" value=\"ru\"\/><\/form>\n<\/div>\n\n\n\t\t<\/div>\n\t<\/div>\n<\/div><\/div><\/div><\/div><\/div><\/div><\/div><\/div>\n<\/div>","protected":false},"excerpt":{"rendered":"Comand\u0103 o Buc\u0103t\u0103rie \u0219i prime\u0219te Cadou un Cuptor Electric Completeaz\u0103 Formularul Bonus: Prime\u0219te Ghid de utilizare a mobilierului tau.","protected":false},"author":1,"featured_media":0,"parent":0,"menu_order":0,"comment_status":"closed","ping_status":"closed","template":"","meta":{"footnotes":""},"class_list":["post-257","page","type-page","status-publish","hentry"],"_links":{"self":[{"href":"https:\/\/mobobucatarii.md\/ru\/wp-json\/wp\/v2\/pages\/257","targetHints":{"allow":["GET"]}}],"collection":[{"href":"https:\/\/mobobucatarii.md\/ru\/wp-json\/wp\/v2\/pages"}],"about":[{"href":"https:\/\/mobobucatarii.md\/ru\/wp-json\/wp\/v2\/types\/page"}],"author":[{"embeddable":true,"href":"https:\/\/mobobucatarii.md\/ru\/wp-json\/wp\/v2\/users\/1"}],"replies":[{"embeddable":true,"href":"https:\/\/mobobucatarii.md\/ru\/wp-json\/wp\/v2\/comments?post=257"}],"version-history":[{"count":18,"href":"https:\/\/mobobucatarii.md\/ru\/wp-json\/wp\/v2\/pages\/257\/revisions"}],"predecessor-version":[{"id":1139,"href":"https:\/\/mobobucatarii.md\/ru\/wp-json\/wp\/v2\/pages\/257\/revisions\/1139"}],"wp:attachment":[{"href":"https:\/\/mobobucatarii.md\/ru\/wp-json\/wp\/v2\/media?parent=257"}],"curies":[{"name":"wp","href":"https:\/\/api.w.org\/{rel}","templated":true}]}}